{"id":1397,"date":"2024-06-17T12:17:21","date_gmt":"2024-06-17T12:17:21","guid":{"rendered":"https:\/\/fermygold.com\/?page_id=1397"},"modified":"2026-01-13T09:21:32","modified_gmt":"2026-01-13T09:21:32","slug":"vasarlasi-tajekoztato","status":"publish","type":"page","link":"https:\/\/fermygold.com\/en\/vasarlasi-tajekoztato\/","title":{"rendered":"Purchasing Guidelines"},"content":{"rendered":"<div data-elementor-type=\"wp-page\" data-elementor-id=\"1397\" class=\"elementor elementor-1397\" data-elementor-post-type=\"page\">\n\t\t\t\t<div class=\"elementor-element elementor-element-585d3bd e-flex e-con-boxed e-con e-parent\" data-id=\"585d3bd\" data-element_type=\"container\">\n\t\t\t\t\t<div class=\"e-con-inner\">\n\t\t\t\t<div class=\"elementor-element elementor-element-699317c elementor-widget elementor-widget-text-editor\" data-id=\"699317c\" data-element_type=\"widget\" data-widget_type=\"text-editor.default\">\n\t\t\t\t<div class=\"elementor-widget-container\">\n\t\t\t\t\t\t\t<p>Below you can read about the order process on FermyGold.com<br><span style=\"color: var( --e-global-color-text ); font-family: var( --e-global-typography-text-font-family ), Sans-serif; font-weight: var( --e-global-typography-text-font-weight );\">Please make sure that you read it thoroughly as you'll have to accept these terms to submit an order successfully.<\/span><\/p>\t\t\t\t\t\t<\/div>\n\t\t\t\t<\/div>\n\t\t\t\t<div class=\"elementor-element elementor-element-b96415e elementor-widget elementor-widget-spacer\" data-id=\"b96415e\" data-element_type=\"widget\" data-widget_type=\"spacer.default\">\n\t\t\t\t<div class=\"elementor-widget-container\">\n\t\t\t\t\t<div class=\"elementor-spacer\">\n\t\t\t<div class=\"elementor-spacer-inner\"><\/div>\n\t\t<\/div>\n\t\t\t\t<\/div>\n\t\t\t\t<\/div>\n\t\t\t\t\t<\/div>\n\t\t\t\t<\/div>\n\t\t<div class=\"elementor-element elementor-element-4488425 e-flex e-con-boxed e-con e-parent\" data-id=\"4488425\" data-element_type=\"container\">\n\t\t\t\t\t<div class=\"e-con-inner\">\n\t\t\t\t<div class=\"elementor-element elementor-element-fe8287b elementor-widget elementor-widget-heading\" data-id=\"fe8287b\" data-element_type=\"widget\" data-widget_type=\"heading.default\">\n\t\t\t\t<div class=\"elementor-widget-container\">\n\t\t\t<h4 class=\"elementor-heading-title elementor-size-default\">Before placing an order<\/h4>\t\t<\/div>\n\t\t\t\t<\/div>\n\t\t\t\t<div class=\"elementor-element elementor-element-c16b646 elementor-widget elementor-widget-text-editor\" data-id=\"c16b646\" data-element_type=\"widget\" data-widget_type=\"text-editor.default\">\n\t\t\t\t<div class=\"elementor-widget-container\">\n\t\t\t\t\t\t\t<p>You can create a user account by clicking on the<b>\u00a0<\/b><a href=\"https:\/\/fermygold.com\/en\/fiokom\/\" target=\"_blank\" rel=\"noopener\"><b>Login \/ Register<\/b><\/a>\u00a0link on the top right corner.\u00a0<span style=\"color: var( --e-global-color-text ); font-family: var( --e-global-typography-text-font-family ), Sans-serif; font-weight: var( --e-global-typography-text-font-weight );\">Only companies that hold a valid permit and license to trade with precious metals\u00a0<\/span><span style=\"color: var( --e-global-color-text ); font-family: var( --e-global-typography-text-font-family ), Sans-serif; font-weight: var( --e-global-typography-text-font-weight );\">may create an account.\u00a0<\/span><span style=\"color: var( --e-global-color-text ); font-family: var( --e-global-typography-text-font-family ), Sans-serif; font-weight: var( --e-global-typography-text-font-weight );\">Upon filling out the registration form, please note that all fields marked with an asterisk (*) are mandatory to be filled out.\u00a0<\/span><span style=\"color: var( --e-global-color-text ); font-family: var( --e-global-typography-text-font-family ), Sans-serif; font-weight: var( --e-global-typography-text-font-weight );\">In case of a business registered in Hungary, please add your <\/span><b><span style=\"color: var( --e-global-color-text ); font-family: var( --e-global-typography-text-font-family ), Sans-serif;\">PR\u00a0<\/span><span style=\"color: var( --e-global-color-text ); font-family: var( --e-global-typography-text-font-family ), Sans-serif;\">number<\/span><\/b><span style=\"color: var( --e-global-color-text ); font-family: var( --e-global-typography-text-font-family ), Sans-serif; font-weight: var( --e-global-typography-text-font-weight );\"> as well.<\/span><\/p><p><span style=\"color: var( --e-global-color-text ); font-family: var( --e-global-typography-text-font-family ), Sans-serif; font-weight: var( --e-global-typography-text-font-weight );\">The registration is not completed automatically. After filling out the registration form\u00a0<\/span><span style=\"color: var( --e-global-color-text ); font-family: var( --e-global-typography-text-font-family ), Sans-serif; font-weight: var( --e-global-typography-text-font-weight );\">our colleagues will manually check and approve your account.\u00a0<\/span><span style=\"color: var( --e-global-color-text ); font-family: var( --e-global-typography-text-font-family ), Sans-serif; font-weight: var( --e-global-typography-text-font-weight );\">You will receive an e-mail notification once your account has been approved.\u00a0<\/span><span style=\"color: var( --e-global-color-text ); font-family: var( --e-global-typography-text-font-family ), Sans-serif; font-weight: var( --e-global-typography-text-font-weight );\">In case you have not filled out the form properly or there is data missing\u00a0<\/span><span style=\"color: var( --e-global-color-text ); font-family: var( --e-global-typography-text-font-family ), Sans-serif; font-weight: var( --e-global-typography-text-font-weight );\">we will also get in touch\u00a0<\/span><span style=\"color: var( --e-global-color-text ); font-family: var( --e-global-typography-text-font-family ), Sans-serif; font-weight: var( --e-global-typography-text-font-weight );\">with you.<\/span><\/p><p>After having your account approved, you may log in\u00a0<span style=\"color: var( --e-global-color-text ); font-family: var( --e-global-typography-text-font-family ), Sans-serif; font-weight: var( --e-global-typography-text-font-weight );\">and you will have access to our prices as well as be able to submit an order.\u00a0<\/span><span style=\"color: var( --e-global-color-text ); font-family: var( --e-global-typography-text-font-family ), Sans-serif;\"><b>Make sure that you have your shipping and billing address \/ data set correctly!<\/b><\/span><\/p>\t\t\t\t\t\t<\/div>\n\t\t\t\t<\/div>\n\t\t\t\t<div class=\"elementor-element elementor-element-d10a4ac elementor-widget elementor-widget-spacer\" data-id=\"d10a4ac\" data-element_type=\"widget\" data-widget_type=\"spacer.default\">\n\t\t\t\t<div class=\"elementor-widget-container\">\n\t\t\t\t\t<div class=\"elementor-spacer\">\n\t\t\t<div class=\"elementor-spacer-inner\"><\/div>\n\t\t<\/div>\n\t\t\t\t<\/div>\n\t\t\t\t<\/div>\n\t\t\t\t<div class=\"elementor-element elementor-element-8ed5032 elementor-widget elementor-widget-heading\" data-id=\"8ed5032\" data-element_type=\"widget\" data-widget_type=\"heading.default\">\n\t\t\t\t<div class=\"elementor-widget-container\">\n\t\t\t<h4 class=\"elementor-heading-title elementor-size-default\">While placing an order<\/h4>\t\t<\/div>\n\t\t\t\t<\/div>\n\t\t\t\t<div class=\"elementor-element elementor-element-43d65c2 elementor-widget elementor-widget-text-editor\" data-id=\"43d65c2\" data-element_type=\"widget\" data-widget_type=\"text-editor.default\">\n\t\t\t\t<div class=\"elementor-widget-container\">\n\t\t\t\t\t\t\t<p class=\" translation-block\">After having chosen the model of the piece you would like to order, you can choose of which material you would like to have it made as well. Currently we offer 8, 9 and 14 karat gold in various colors.<\/p><p><span style=\"vertical-align: inherit;\"><span style=\"vertical-align: inherit;\"><span style=\"vertical-align: inherit;\"><span style=\"vertical-align: inherit;\">K\u00e9rj\u00fck v\u00e1lassza ki a pontos m\u00e9retet! (Egyes term\u00e9kekn\u00e9l minimum\u00a0<\/span><\/span><\/span><\/span><span style=\"color: var( --e-global-color-text ); font-family: var( --e-global-typography-text-font-family ), Sans-serif; font-weight: var( --e-global-typography-text-font-weight );\"><span style=\"vertical-align: inherit;\"><span style=\"vertical-align: inherit;\"><span style=\"vertical-align: inherit;\"><span style=\"vertical-align: inherit;\">mennyis\u00e9g rendel\u00e9se el\u0151fordul).\u00a0<\/span><\/span><\/span><\/span><\/span><span style=\"color: var( --e-global-color-text ); font-family: var( --e-global-typography-text-font-family ), Sans-serif; font-weight: var( --e-global-typography-text-font-weight );\"><span style=\"vertical-align: inherit;\"><span style=\"vertical-align: inherit;\"><span style=\"vertical-align: inherit;\"><span style=\"vertical-align: inherit;\">Az alapanyag napi \u00e1rfolyam\u00e1val sz\u00e1molva az adott m\u00e9ret\u0171 \u00e9kszer\u00a0<\/span><\/span><\/span><\/span><\/span><span style=\"color: var( --e-global-color-text ); font-family: var( --e-global-typography-text-font-family ), Sans-serif; font-weight: var( --e-global-typography-text-font-weight );\"><span style=\"vertical-align: inherit;\"><span style=\"vertical-align: inherit;\"><span style=\"vertical-align: inherit;\"><span style=\"vertical-align: inherit;\">ir\u00e1ny\u00e1ra \u00e1ra jelenik meg a kiv\u00e1laszt\u00e1s ut\u00e1n. A web\u00e1ruh\u00e1zban\u00a0<\/span><\/span><\/span><\/span><\/span><span style=\"color: var( --e-global-color-text ); font-family: var( --e-global-typography-text-font-family ), Sans-serif; font-weight: var( --e-global-typography-text-font-weight );\"><span style=\"vertical-align: inherit;\"><span style=\"vertical-align: inherit;\"><span style=\"vertical-align: inherit;\"><span style=\"vertical-align: inherit;\">felt\u00fcntetett s\u00falyok becs\u00fcltek, \u00edgy att\u00f3l a gy\u00e1rt\u00e1s a gy\u00e1rt\u00e1s\u00a0<\/span><\/span><\/span><\/span><\/span><span style=\"color: var( --e-global-color-text ); font-family: var( --e-global-typography-text-font-family ), Sans-serif; font-weight: var( --e-global-typography-text-font-weight );\"><span style=\"vertical-align: inherit;\"><span style=\"vertical-align: inherit;\"><span style=\"vertical-align: inherit;\"><span style=\"vertical-align: inherit;\">folyamat\u00e1b\u00f3l ad\u00f3d\u00f3an sor\u00e1n elt\u00e9r\u00e9s lehets\u00e9ges, ennek m\u00e9rt\u00e9ke +\/- 5<\/span><\/span><\/span><\/span><\/span><span style=\"color: var( --e-global-color-text ); font-family: var( --e-global-typography-text-font-family ), Sans-serif; font-weight: var( --e-global-typography-text-font-weight );\"><span style=\"vertical-align: inherit;\"><span style=\"vertical-align: inherit;\"><span style=\"vertical-align: inherit;\"><span style=\"vertical-align: inherit;\">%.<\/span><\/span><\/span><\/span><\/span><\/p><p class=\" translation-block\">The displayed price will be automatically calculated according to the discounts you have in our store.<\/p><p class=\" translation-block\">Please choose the amount you would like to order and put it in your cart. In case of a different size, repeat the process.<\/p><p><span style=\"vertical-align: inherit;\"><span style=\"vertical-align: inherit;\"><span style=\"vertical-align: inherit;\"><span style=\"vertical-align: inherit;\">Amikor minden term\u00e9k a kosar\u00e1ba ker\u00fclt, a v\u00e1s\u00e1rl\u00e1st a <\/span><\/span><\/span><\/span><span style=\"color: var( --e-global-color-text ); font-family: var( --e-global-typography-text-font-family ), Sans-serif;\"><span style=\"vertical-align: inherit;\"><span style=\"vertical-align: inherit;\"><span style=\"vertical-align: inherit;\"><span style=\"vertical-align: inherit;\">Cart<\/span><\/span><\/span><\/span><\/span><span style=\"color: var( --e-global-color-text ); font-family: var( --e-global-typography-text-font-family ), Sans-serif; font-weight: var( --e-global-typography-text-font-weight );\"><span style=\"vertical-align: inherit;\"><span style=\"vertical-align: inherit;\"><span style=\"vertical-align: inherit;\"><span style=\"vertical-align: inherit;\"> gombra kattintva \u00e1ttekintheti, v\u00e1laszthat sz\u00e1ll\u00edt\u00e1si c\u00edmet.\u00a0<\/span><\/span><\/span><\/span><\/span><span style=\"color: var( --e-global-color-text ); font-family: var( --e-global-typography-text-font-family ), Sans-serif; font-weight: var( --e-global-typography-text-font-weight );\"><span style=\"vertical-align: inherit;\"><span style=\"vertical-align: inherit;\"><span style=\"vertical-align: inherit;\"><span style=\"vertical-align: inherit;\">A <\/span><\/span><\/span><\/span><span style=\"vertical-align: inherit;\"><span style=\"vertical-align: inherit;\"><span style=\"vertical-align: inherit;\"><span style=\"vertical-align: inherit;\">megrendel\u00e9s<\/span><\/span><\/span><\/span><span style=\"vertical-align: inherit;\"><span style=\"vertical-align: inherit;\"><span style=\"vertical-align: inherit;\"><span style=\"vertical-align: inherit;\"> gombra kattintva a v\u00e1s\u00e1rl\u00e1st v\u00e9gleges\u00edti, a rendel\u00e9st <\/span><\/span><\/span><\/span><\/span><span style=\"color: var( --e-global-color-text ); font-family: var( --e-global-typography-text-font-family ), Sans-serif; font-weight: var( --e-global-typography-text-font-weight );\"><span style=\"vertical-align: inherit;\"><span style=\"vertical-align: inherit;\"><span style=\"vertical-align: inherit;\"><span style=\"vertical-align: inherit;\">v\u00e1s\u00e1rl\u00e1si k\u00f6telezetts\u00e9ggel j\u00f3v\u00e1hagyja.<\/span><\/span><\/span><\/span><\/span><\/p><p class=\" translation-block\">Once all the products you wish to buy have been added to your cart, you can review your purchase by clicking on the checkout button. Please, select a delivery address.\nIn case you have any further necesarry information for the production, please write them in the comment box\nClick on the ORDER button to finalize the purchase, with this the order is approved with a purchase commitment. \nThe automatically generated reply email is not considered as a finalized order.<\/p><p><span style=\"color: var( --e-global-color-text ); font-family: var( --e-global-typography-text-font-family ), Sans-serif; font-weight: var( --e-global-typography-text-font-weight );\"><span style=\"vertical-align: inherit;\"><span style=\"vertical-align: inherit;\"><span style=\"vertical-align: inherit;\"><span style=\"vertical-align: inherit;\">A gy\u00e1rt\u00e1s megkezd\u00e9s\u00e9hez a rendel\u00e9s v\u00e9g\u00f6sszeg\u00e9nek 50%-\u00e1t sz\u00fcks\u00e9ges befizetni,melyr\u0151l el\u0151zetesen egy d\u00edjbek\u00e9r\u0151t fogunk k\u00fcldeni. Ezzel\u00a0<\/span><\/span><\/span><\/span><\/span><span style=\"color: var( --e-global-color-text ); font-family: var( --e-global-typography-text-font-family ), Sans-serif; font-weight: var( --e-global-typography-text-font-weight );\"><span style=\"vertical-align: inherit;\"><span style=\"vertical-align: inherit;\"><span style=\"vertical-align: inherit;\"><span style=\"vertical-align: inherit;\">garant\u00e1ljuk, hogy a rendel\u00e9s eg\u00e9sze a rendel\u00e9s lead\u00e1s\u00e1nak napj\u00e1n\u00a0<\/span><\/span><\/span><\/span><\/span><span style=\"color: var( --e-global-color-text ); font-family: var( --e-global-typography-text-font-family ), Sans-serif; font-weight: var( --e-global-typography-text-font-weight );\"><span style=\"vertical-align: inherit;\"><span style=\"vertical-align: inherit;\"><span style=\"vertical-align: inherit;\"><span style=\"vertical-align: inherit;\">\u00e9rv\u00e9nyes nemesf\u00e9m \u00e1rfolyamon k\u00e9sz\u00fcl a visszaigazol\u00e1sban megadott\u00a0<\/span><\/span><\/span><\/span><\/span><span style=\"color: var( --e-global-color-text ); font-family: var( --e-global-typography-text-font-family ), Sans-serif; font-weight: var( --e-global-typography-text-font-weight );\"><span style=\"vertical-align: inherit;\"><span style=\"vertical-align: inherit;\"><span style=\"vertical-align: inherit;\"><span style=\"vertical-align: inherit;\">\u00e1ron. Amennyiben a d\u00edjbek\u00e9r\u0151 utal\u00e1sa 3 napon bel\u00fcl nem t\u00f6rt\u00e9nik\u00a0<\/span><\/span><\/span><\/span><\/span><span style=\"color: var( --e-global-color-text ); font-family: var( --e-global-typography-text-font-family ), Sans-serif; font-weight: var( --e-global-typography-text-font-weight );\"><span style=\"vertical-align: inherit;\"><span style=\"vertical-align: inherit;\"><span style=\"vertical-align: inherit;\"><span style=\"vertical-align: inherit;\">meg, a rendel\u00e9s \u00e9rv\u00e9nytelen.\u00a0<\/span><\/span><\/span><\/span><\/span><span style=\"color: var( --e-global-color-text ); font-family: var( --e-global-typography-text-font-family ), Sans-serif; font-weight: var( --e-global-typography-text-font-weight );\"><span style=\"vertical-align: inherit;\"><span style=\"vertical-align: inherit;\"><span style=\"vertical-align: inherit;\"><span style=\"vertical-align: inherit;\">Amennyiben a d\u00edjbek\u00e9r\u0151 szerinti utal\u00e1s megt\u00f6rt\u00e9nt \u00e9s el\u00e1ll a\u00a0<\/span><\/span><\/span><\/span><\/span><span style=\"color: var( --e-global-color-text ); font-family: var( --e-global-typography-text-font-family ), Sans-serif; font-weight: var( --e-global-typography-text-font-weight );\"><span style=\"vertical-align: inherit;\"><span style=\"vertical-align: inherit;\"><span style=\"vertical-align: inherit;\"><span style=\"vertical-align: inherit;\">v\u00e1s\u00e1rl\u00e1st\u00f3l, az utalt \u00f6sszeg 20%-a nem ker\u00fcl visszautal\u00e1sra, sz\u00e1ml\u00e1t\u00a0<\/span><\/span><\/span><\/span><\/span><span style=\"color: var( --e-global-color-text ); font-family: var( --e-global-typography-text-font-family ), Sans-serif; font-weight: var( --e-global-typography-text-font-weight );\"><span style=\"vertical-align: inherit;\"><span style=\"vertical-align: inherit;\"><span style=\"vertical-align: inherit;\"><span style=\"vertical-align: inherit;\">\u00e1ll\u00edtunk ki.\u00a0<\/span><\/span><\/span><\/span><\/span><span style=\"color: var( --e-global-color-text ); font-family: var( --e-global-typography-text-font-family ), Sans-serif; font-weight: var( --e-global-typography-text-font-weight );\"><span style=\"vertical-align: inherit;\"><span style=\"vertical-align: inherit;\"><span style=\"vertical-align: inherit;\"><span style=\"vertical-align: inherit;\">Miut\u00e1n a megrendelt term\u00e9kek elk\u00e9sz\u00fcltek, felvessz\u00fck \u00f6nnel a\u00a0<\/span><\/span><\/span><\/span><\/span><span style=\"color: var( --e-global-color-text ); font-family: var( --e-global-typography-text-font-family ), Sans-serif; font-weight: var( --e-global-typography-text-font-weight );\"><span style=\"vertical-align: inherit;\"><span style=\"vertical-align: inherit;\"><span style=\"vertical-align: inherit;\"><span style=\"vertical-align: inherit;\">kapcsolatot a sz\u00e1ll\u00edt\u00e1s egyeztet\u00e9s\u00e9hez.<\/span><\/span><\/span><\/span><\/span><\/p><p><span style=\"vertical-align: inherit;\"><span style=\"vertical-align: inherit;\"><span style=\"vertical-align: inherit;\"><span style=\"vertical-align: inherit;\">Amennyiben a sz\u00e1ll\u00edt\u00e1st a c\u00e9g\u00fcnk kezdem\u00e9nyezi, a FedEx aktu\u00e1lis \u00e1ra\u00a0<\/span><\/span><\/span><\/span><span style=\"color: var( --e-global-color-text ); font-family: var( --e-global-typography-text-font-family ), Sans-serif; font-weight: var( --e-global-typography-text-font-weight );\"><span style=\"vertical-align: inherit;\"><span style=\"vertical-align: inherit;\"><span style=\"vertical-align: inherit;\"><span style=\"vertical-align: inherit;\">szerinti sz\u00e1ll\u00edt\u00e1si d\u00edjat sz\u00e1molunk fel a v\u00e9gsz\u00e1ml\u00e1n, amit el\u0151zetesen\u00a0<\/span><\/span><\/span><\/span><\/span><span style=\"color: var( --e-global-color-text ); font-family: var( --e-global-typography-text-font-family ), Sans-serif; font-weight: var( --e-global-typography-text-font-weight );\"><span style=\"vertical-align: inherit;\"><span style=\"vertical-align: inherit;\"><span style=\"vertical-align: inherit;\"><span style=\"vertical-align: inherit;\">egyeztet\u00fcnk \u00d6nnel.<\/span><\/span><\/span><\/span><\/span><\/p><p class=\" translation-block\">The parcel will be either dispatched after the final invoice has been paid or your parcel can be collected in person.<\/p>\t\t\t\t\t\t<\/div>\n\t\t\t\t<\/div>\n\t\t\t\t\t<\/div>\n\t\t\t\t<\/div>\n\t\t\t\t<\/div>","protected":false},"excerpt":{"rendered":"<p>Az al\u00e1bbi oldalon tal\u00e1lja a FermyGold oldal\u00e1n t\u00f6rt\u00e9n\u0151 rendel\u00e9s menet\u00e9t.K\u00e9rj\u00fck, olvassa \u00e1t, mert a rendel\u00e9si folyamat v\u00e9g\u00e9n az oldal tartalm\u00e1nak elfogad\u00e1sa sz\u00fcks\u00e9ges a sikeres rendel\u00e9s lead\u00e1shoz. Megrendel\u00e9s lead\u00e1sa el\u0151tt Az<\/p>","protected":false},"author":1,"featured_media":0,"parent":0,"menu_order":0,"comment_status":"closed","ping_status":"closed","template":"","meta":{"footnotes":""},"class_list":["post-1397","page","type-page","status-publish","hentry"],"_links":{"self":[{"href":"https:\/\/fermygold.com\/en\/wp-json\/wp\/v2\/pages\/1397","targetHints":{"allow":["GET"]}}],"collection":[{"href":"https:\/\/fermygold.com\/en\/wp-json\/wp\/v2\/pages"}],"about":[{"href":"https:\/\/fermygold.com\/en\/wp-json\/wp\/v2\/types\/page"}],"author":[{"embeddable":true,"href":"https:\/\/fermygold.com\/en\/wp-json\/wp\/v2\/users\/1"}],"replies":[{"embeddable":true,"href":"https:\/\/fermygold.com\/en\/wp-json\/wp\/v2\/comments?post=1397"}],"version-history":[{"count":79,"href":"https:\/\/fermygold.com\/en\/wp-json\/wp\/v2\/pages\/1397\/revisions"}],"predecessor-version":[{"id":24088,"href":"https:\/\/fermygold.com\/en\/wp-json\/wp\/v2\/pages\/1397\/revisions\/24088"}],"wp:attachment":[{"href":"https:\/\/fermygold.com\/en\/wp-json\/wp\/v2\/media?parent=1397"}],"curies":[{"name":"wp","href":"https:\/\/api.w.org\/{rel}","templated":true}]}}